{"id":32,"date":"2018-01-10T14:28:46","date_gmt":"2018-01-10T13:28:46","guid":{"rendered":"\/?page_id=32"},"modified":"2026-01-26T23:39:14","modified_gmt":"2026-01-26T22:39:14","slug":"cennik","status":"publish","type":"page","link":"https:\/\/taxigrodzisk.pl\/?page_id=32","title":{"rendered":"Cennik"},"content":{"rendered":"\t\t<div data-elementor-type=\"wp-page\" data-elementor-id=\"32\" class=\"elementor elementor-32\">\n\t\t\t\t\t\t<section class=\"elementor-section elementor-top-section elementor-element elementor-element-19e7740 elementor-section-boxed elementor-section-height-default elementor-section-height-default\" data-id=\"19e7740\" data-element_type=\"section\" data-e-type=\"section\">\n\t\t\t\t\t\t<div class=\"elementor-container elementor-column-gap-default\">\n\t\t\t\t\t<div class=\"elementor-column elementor-col-100 elementor-top-column elementor-element elementor-element-c160689\" data-id=\"c160689\" data-element_type=\"column\" data-e-type=\"column\">\n\t\t\t<div class=\"elementor-widget-wrap elementor-element-populated\">\n\t\t\t\t\t\t<div class=\"elementor-element elementor-element-e5e4742 elementor-invisible elementor-widget elementor-widget-heading\" data-id=\"e5e4742\" data-element_type=\"widget\" data-e-type=\"widget\" data-settings=\"{&quot;_animation&quot;:&quot;zoomIn&quot;}\" data-widget_type=\"heading.default\">\n\t\t\t\t<div class=\"elementor-widget-container\">\n\t\t\t\t\t<h2 class=\"elementor-heading-title elementor-size-default\">Cennik:<\/h2>\t\t\t\t<\/div>\n\t\t\t\t<\/div>\n\t\t\t\t<div class=\"elementor-element elementor-element-a7081ec elementor-invisible elementor-widget elementor-widget-text-editor\" data-id=\"a7081ec\" data-element_type=\"widget\" data-e-type=\"widget\" data-settings=\"{&quot;_animation&quot;:&quot;fadeInLeft&quot;}\" data-widget_type=\"text-editor.default\">\n\t\t\t\t<div class=\"elementor-widget-container\">\n\t\t\t\t\t\t\t\t\t<ul><li><span style=\"color: #ff0000;\">Taryfa I (1km) dzienna &#8230; 4z\u0142<\/span><\/li><li>Taryfa II (1 km) nocna i \u015bwi\u0119ta) &#8230; 6 z\u0142<\/li><li>Taryfa III (1 km) wyjazdy poza stref\u0119 1 w dzie\u0144 &#8230; 9<\/li><li>Taryfa IV (1 km) wyjazdy poza stref\u0119 1 w nocy i \u015bwi\u0119ta &#8230; 12 z\u0142<\/li><li>Op\u0142ata pocz\u0105tkowa &#8230; 10,00 z\u0142<\/li><li>Godzina postoju &#8230; 50,00z\u0142<\/li><li>Posiadamy Foteliki dzieci\u0119ce koszt dop\u0142aty 20 z\u0142<\/li><\/ul>\t\t\t\t\t\t\t\t<\/div>\n\t\t\t\t<\/div>\n\t\t\t\t<div class=\"elementor-element elementor-element-193c262 elementor-invisible elementor-widget elementor-widget-heading\" data-id=\"193c262\" data-element_type=\"widget\" data-e-type=\"widget\" data-settings=\"{&quot;_animation&quot;:&quot;zoomIn&quot;}\" data-widget_type=\"heading.default\">\n\t\t\t\t<div class=\"elementor-widget-container\">\n\t\t\t\t\t<h2 class=\"elementor-heading-title elementor-size-default\">Promocje:<\/h2>\t\t\t\t<\/div>\n\t\t\t\t<\/div>\n\t\t\t\t<div class=\"elementor-element elementor-element-016fb74 elementor-invisible elementor-widget elementor-widget-text-editor\" data-id=\"016fb74\" data-element_type=\"widget\" data-e-type=\"widget\" data-settings=\"{&quot;_animation&quot;:&quot;fadeInLeft&quot;}\" data-widget_type=\"text-editor.default\">\n\t\t\t\t<div class=\"elementor-widget-container\">\n\t\t\t\t\t\t\t\t\t<ul><li>Dojazd lub odebranie z lotniska Chopin od 200 z\u0142 dzie\u0144\/ 250 z\u0142 noc<\/li><li>Dojazd lub odebranie z lotniska Modlin 250 z\u0142 dzie\u0144\/ 290 z\u0142 noc<\/li><li><strong>Dojazd lub odebranie z lotniska Radom 350z\u0142 dzie\u0144\/ 500 z\u0142 noc<\/strong><\/li><li><strong>Nowo\u015b\u0107 odbi\u00f3r lub zawiezienie na lotnisko BARAN\u00d3W ( CPK) Gratis po okazaniu wa\u017cnego biletu na lot.<\/strong><\/li><\/ul>\t\t\t\t\t\t\t\t<\/div>\n\t\t\t\t<\/div>\n\t\t\t\t\t<\/div>\n\t\t<\/div>\n\t\t\t\t\t<\/div>\n\t\t<\/section>\n\t\t\t\t<\/div>\n\t\t","protected":false},"excerpt":{"rendered":"<p>Cennik: Taryfa I (1km) dzienna &#8230; 4z\u0142 Taryfa II (1 km) nocna i \u015bwi\u0119ta) &#8230; 6 z\u0142 Taryfa III (1 km) wyjazdy poza stref\u0119 1 w dzie\u0144 &#8230; 9 Taryfa IV (1 km) wyjazdy poza stref\u0119 1 w nocy i \u015bwi\u0119ta &#8230; 12 z\u0142 Op\u0142ata pocz\u0105tkowa &#8230; 10,00 z\u0142 Godzina postoju &#8230; 50,00z\u0142 Posiadamy Foteliki [&hellip;]<\/p>\n","protected":false},"author":3,"featured_media":0,"parent":0,"menu_order":0,"comment_status":"closed","ping_status":"closed","template":"","meta":{"footnotes":""},"class_list":["post-32","page","type-page","status-publish","hentry"],"_links":{"self":[{"href":"https:\/\/taxigrodzisk.pl\/index.php?rest_route=\/wp\/v2\/pages\/32","targetHints":{"allow":["GET"]}}],"collection":[{"href":"https:\/\/taxigrodzisk.pl\/index.php?rest_route=\/wp\/v2\/pages"}],"about":[{"href":"https:\/\/taxigrodzisk.pl\/index.php?rest_route=\/wp\/v2\/types\/page"}],"author":[{"embeddable":true,"href":"https:\/\/taxigrodzisk.pl\/index.php?rest_route=\/wp\/v2\/users\/3"}],"replies":[{"embeddable":true,"href":"https:\/\/taxigrodzisk.pl\/index.php?rest_route=%2Fwp%2Fv2%2Fcomments&post=32"}],"version-history":[{"count":12,"href":"https:\/\/taxigrodzisk.pl\/index.php?rest_route=\/wp\/v2\/pages\/32\/revisions"}],"predecessor-version":[{"id":391,"href":"https:\/\/taxigrodzisk.pl\/index.php?rest_route=\/wp\/v2\/pages\/32\/revisions\/391"}],"wp:attachment":[{"href":"https:\/\/taxigrodzisk.pl\/index.php?rest_route=%2Fwp%2Fv2%2Fmedia&parent=32"}],"curies":[{"name":"wp","href":"https:\/\/api.w.org\/{rel}","templated":true}]}}