{"id":24,"date":"2018-01-10T14:27:33","date_gmt":"2018-01-10T13:27:33","guid":{"rendered":"\/?page_id=24"},"modified":"2025-04-08T11:49:31","modified_gmt":"2025-04-08T09:49:31","slug":"kontakt","status":"publish","type":"page","link":"https:\/\/taxigrodzisk.pl\/?page_id=24","title":{"rendered":"Kontakt"},"content":{"rendered":"<h1>KONTAKT<\/h1>\n<ul>\n<li>TAXI Grodzisk Mazowiecki<\/li>\n<li><a href=\"mailto: taxi@taxigrodzisk.eu\"><br \/>\ntaxi@taxigrodzisk.eu<br \/>\n<\/a><\/li>\n<li><a href=\"tel: +48 668-410-310\"><br \/>\nDarek 668-410-310<br \/>\n<\/a><\/li>\n<li><a href=\"tel: +48  608-160-374\"><br \/>\nKarol 608-160-374<br \/>\n<\/a><\/li>\n<\/ul>\n<p><a href=\"https:\/\/www.facebook.com\/taxigrodzisk\/\"><br \/>\n<\/a><br \/>\n<img fetchpriority=\"high\" decoding=\"async\" src=\"\/wp-content\/uploads\/2018\/01\/Grodzisk_Mazowiecki_gmina_location_map.png\" sizes=\"(max-width: 644px) 100vw, 644px\" srcset=\"\/wp-content\/uploads\/2018\/01\/Grodzisk_Mazowiecki_gmina_location_map.png 644w, \/wp-content\/uploads\/2018\/01\/Grodzisk_Mazowiecki_gmina_location_map-300x280.png 300w\" alt=\"\" width=\"644\" height=\"600\" \/><\/p>\n<p>Mo\u017cesz zostawi\u0107 nam wiadomo\u015b\u0107, korzystaj\u0105c z poni\u017cszego formularza.<\/p>\n<p>[contact-form-7 id=&#8221;8&#8243; title=&#8221;Formularz kontaktowy 1&#8243;]<\/p>\n","protected":false},"excerpt":{"rendered":"<p>KONTAKT TAXI Grodzisk Mazowiecki taxi@taxigrodzisk.eu Darek 668-410-310 Karol 608-160-374 Mo\u017cesz zostawi\u0107 nam wiadomo\u015b\u0107, korzystaj\u0105c z poni\u017cszego formularza. [contact-form-7 id=&#8221;8&#8243; title=&#8221;Formularz kontaktowy 1&#8243;]<\/p>\n","protected":false},"author":3,"featured_media":0,"parent":0,"menu_order":0,"comment_status":"closed","ping_status":"closed","template":"","meta":{"footnotes":""},"class_list":["post-24","page","type-page","status-publish","hentry"],"_links":{"self":[{"href":"https:\/\/taxigrodzisk.pl\/index.php?rest_route=\/wp\/v2\/pages\/24","targetHints":{"allow":["GET"]}}],"collection":[{"href":"https:\/\/taxigrodzisk.pl\/index.php?rest_route=\/wp\/v2\/pages"}],"about":[{"href":"https:\/\/taxigrodzisk.pl\/index.php?rest_route=\/wp\/v2\/types\/page"}],"author":[{"embeddable":true,"href":"https:\/\/taxigrodzisk.pl\/index.php?rest_route=\/wp\/v2\/users\/3"}],"replies":[{"embeddable":true,"href":"https:\/\/taxigrodzisk.pl\/index.php?rest_route=%2Fwp%2Fv2%2Fcomments&post=24"}],"version-history":[{"count":2,"href":"https:\/\/taxigrodzisk.pl\/index.php?rest_route=\/wp\/v2\/pages\/24\/revisions"}],"predecessor-version":[{"id":342,"href":"https:\/\/taxigrodzisk.pl\/index.php?rest_route=\/wp\/v2\/pages\/24\/revisions\/342"}],"wp:attachment":[{"href":"https:\/\/taxigrodzisk.pl\/index.php?rest_route=%2Fwp%2Fv2%2Fmedia&parent=24"}],"curies":[{"name":"wp","href":"https:\/\/api.w.org\/{rel}","templated":true}]}}